{"id":145,"date":"2016-12-20T08:58:25","date_gmt":"2016-12-20T08:58:25","guid":{"rendered":"http:\/\/g-tool.ch\/wordpress\/?page_id=145"},"modified":"2023-02-02T13:07:01","modified_gmt":"2023-02-02T13:07:01","slug":"ultra-hpc-hartstoffbeschichtung","status":"publish","type":"page","link":"https:\/\/g-hpc.ch\/wordpress\/","title":{"rendered":"MH34 und ULTRA HPC Hartstoffbeschichtungen"},"content":{"rendered":"<div id='gallery-1' class='gallery galleryid-145 gallery-columns-1 gallery-size-large'><figure class='gallery-item'>\n\t\t\t<div class='gallery-icon landscape'>\n\t\t\t\t<a title=\"ULTRA HPC\" href='https:\/\/g-hpc.ch\/wordpress\/wp-content\/uploads\/2017\/11\/ULTRA-HPC.png'><img loading=\"lazy\" decoding=\"async\" width=\"338\" height=\"233\" src=\"https:\/\/g-hpc.ch\/wordpress\/wp-content\/uploads\/2017\/11\/ULTRA-HPC.png\" class=\"attachment-large size-large\" alt=\"\" srcset=\"https:\/\/g-hpc.ch\/wordpress\/wp-content\/uploads\/2017\/11\/ULTRA-HPC.png 338w, https:\/\/g-hpc.ch\/wordpress\/wp-content\/uploads\/2017\/11\/ULTRA-HPC-300x207.png 300w\" sizes=\"auto, 100vw\" \/><\/a>\n\t\t\t<\/div><\/figure>\n\t\t<\/div>\n\n<h1><strong>MH34 und ULTRA HPC Hartstoffbeschichtungen<\/strong><\/h1>\n<p><strong><u>MH34 <\/u><\/strong><u>und <\/u><strong><u>ULTRA HPC<\/u><\/strong> Hartstoffmikroschichten sind je nach Anforderungen, z.B. 10-fach multielementig aufgebaut und liegen dennoch bei einer Schichtdicke von unter einem 1\/1000 mm. Eine Kantenverrundung, wie sie bei konventionellen Schichten der bisher bekannten Systeme in der Metallbearbeitung erfolgt, findet hier nicht statt.<\/p>\n<p><strong>Erh\u00f6hung der Standzeit um das 2- 5-fache<\/strong>, wesentlich geringerer Reibungskoeffizient, verminderte Zerspanungstemperatur, h\u00f6here Drehzahlen, dadurch schnellere Vorsch\u00fcbe bei k\u00fcrzeren Durchlaufzeiten, sowie deutlich verminderte R\u00fcstzeiten ergeben grosse <strong>Kosteneinsparungen.<\/strong><\/p>\n<p>Bei<strong> MH34<\/strong> und <strong>ULTRA-HPC-<\/strong>Schneiden gen\u00fcgen im Durchchnitt 0,15 mm Abnahme je Sch\u00e4rfvorgang, da durch die grosse Randzonenh\u00e4rte eine kleinere Abrundung durch normalen Verschleiss erfolgt, als bei herk\u00f6mmlichen HSS Werkzeugen. Dies erh\u00f6ht die Lebensdauer Ihrer Werkzeuge massiv. Lassen Sie Ihre Werkzeuge nur von einem ausgewiesenen Fachmann unterhalten. Veredelte Werkzeuge k\u00f6nnen mit entsprechenden Schleifscheiben ohne weiteres nachgesch\u00e4rft werden. Nachgesch\u00e4rfte Werkzeuge erzielen auch ohne weitere Nachbeschichtung gleichbleibend h\u00f6here Standzeiten.<\/p>\n<p>Die <strong>MH34<\/strong> und <strong>ULTRA HPC <\/strong>Hartstoffbeschichtungen werden bei allen Werkzeugen mit <strong>hohem Verschleiss,<\/strong> in allen Bearbeitungsbranchen, eingesetzt.<strong><br \/>\n<\/strong><\/p>\n<p>Verlangen Sie unsere Referenzliste.<\/p>\n<p><a href=\"https:\/\/g-hpc.ch\/wordpress\/wp-content\/uploads\/2018\/02\/Flyer-HPC-2018-1.pdf\" class=\"mtli_attachment mtli_pdf\">Flyer HPC 2018-1<\/a><\/p>\n<p>Bericht aus der Schweizer Holzzeitung vom 19. M\u00e4rz 2015<\/p>\n<p><a href=\"http:\/\/g-tool.ch\/wordpress\/wp-content\/uploads\/2016\/12\/Holzzeitung-Nr.-6-M\u00e4rz-2015.pdf\" class=\"mtli_attachment mtli_pdf\">Holzzeitung Nr. 6 M\u00e4rz 2015<\/a><\/p>\n","protected":false},"excerpt":{"rendered":"<p>MH34 und ULTRA HPC Hartstoffbeschichtungen MH34 und ULTRA HPC Hartstoffmikroschichten sind je nach Anforderungen, z.B. 10-fach multielementig aufgebaut und liegen dennoch bei einer Schichtdicke von unter einem 1\/1000 mm. Eine Kantenverrundung, wie sie bei konventionellen Schichten der bisher bekannten Systeme in der Metallbearbeitung erfolgt, findet hier nicht statt. Erh\u00f6hung der Standzeit um das 2- 5-fache, &hellip; <\/p>\n<p class=\"link-more\"><a href=\"https:\/\/g-hpc.ch\/wordpress\/\" class=\"more-link\"><span class=\"screen-reader-text\">\u201eMH34 und ULTRA HPC Hartstoffbeschichtungen\u201c<\/span> weiterlesen<\/a><\/p>\n","protected":false},"author":2,"featured_media":0,"parent":0,"menu_order":0,"comment_status":"closed","ping_status":"closed","template":"","meta":{"footnotes":""},"class_list":["post-145","page","type-page","status-publish","hentry"],"jetpack_sharing_enabled":true,"_links":{"self":[{"href":"https:\/\/g-hpc.ch\/wordpress\/index.php?rest_route=\/wp\/v2\/pages\/145","targetHints":{"allow":["GET"]}}],"collection":[{"href":"https:\/\/g-hpc.ch\/wordpress\/index.php?rest_route=\/wp\/v2\/pages"}],"about":[{"href":"https:\/\/g-hpc.ch\/wordpress\/index.php?rest_route=\/wp\/v2\/types\/page"}],"author":[{"embeddable":true,"href":"https:\/\/g-hpc.ch\/wordpress\/index.php?rest_route=\/wp\/v2\/users\/2"}],"replies":[{"embeddable":true,"href":"https:\/\/g-hpc.ch\/wordpress\/index.php?rest_route=%2Fwp%2Fv2%2Fcomments&post=145"}],"version-history":[{"count":5,"href":"https:\/\/g-hpc.ch\/wordpress\/index.php?rest_route=\/wp\/v2\/pages\/145\/revisions"}],"predecessor-version":[{"id":515,"href":"https:\/\/g-hpc.ch\/wordpress\/index.php?rest_route=\/wp\/v2\/pages\/145\/revisions\/515"}],"wp:attachment":[{"href":"https:\/\/g-hpc.ch\/wordpress\/index.php?rest_route=%2Fwp%2Fv2%2Fmedia&parent=145"}],"curies":[{"name":"wp","href":"https:\/\/api.w.org\/{rel}","templated":true}]}}