{"id":418,"date":"2018-01-04T08:48:56","date_gmt":"2018-01-04T08:48:56","guid":{"rendered":"http:\/\/g-hpc.ch\/wordpress\/?page_id=418"},"modified":"2019-10-05T10:12:03","modified_gmt":"2019-10-05T10:12:03","slug":"mh34-hpc-hartstoffbeschichtung","status":"publish","type":"page","link":"https:\/\/g-hpc.ch\/wordpress\/?page_id=418","title":{"rendered":"MH34 HPC Hartstoffbeschichtung"},"content":{"rendered":"<div id='gallery-1' class='gallery galleryid-418 gallery-columns-1 gallery-size-medium'><figure class='gallery-item'>\n\t\t\t<div class='gallery-icon landscape'>\n\t\t\t\t<a title=\"2017-10-27 07.30.41 755-IMG_1661\" href='https:\/\/g-hpc.ch\/wordpress\/wp-content\/uploads\/2018\/01\/2017-10-27-07.30.41-755-IMG_1661-scaled.jpg'><img loading=\"lazy\" decoding=\"async\" width=\"300\" height=\"225\" src=\"https:\/\/g-hpc.ch\/wordpress\/wp-content\/uploads\/2018\/01\/2017-10-27-07.30.41-755-IMG_1661-300x225.jpg\" class=\"attachment-medium size-medium\" alt=\"\" aria-describedby=\"gallery-1-420\" srcset=\"https:\/\/g-hpc.ch\/wordpress\/wp-content\/uploads\/2018\/01\/2017-10-27-07.30.41-755-IMG_1661-300x225.jpg 300w, https:\/\/g-hpc.ch\/wordpress\/wp-content\/uploads\/2018\/01\/2017-10-27-07.30.41-755-IMG_1661-350x263.jpg 350w, https:\/\/g-hpc.ch\/wordpress\/wp-content\/uploads\/2018\/01\/2017-10-27-07.30.41-755-IMG_1661-768x576.jpg 768w, https:\/\/g-hpc.ch\/wordpress\/wp-content\/uploads\/2018\/01\/2017-10-27-07.30.41-755-IMG_1661-1024x768.jpg 1024w\" sizes=\"auto, 100vw\" \/><\/a>\n\t\t\t<\/div>\n\t\t\t\t<figcaption class='wp-caption-text gallery-caption' id='gallery-1-420'>\n\t\t\t\tStreifenhobelmesser HSS\n\t\t\t\t<\/figcaption><\/figure>\n\t\t<\/div>\n\n<p><strong>MH34 HPC Hartstoffbeschichtung<\/strong><\/p>\n<p><strong>Aufbau<\/strong> Nanokeramiksystem<\/p>\n<p><strong>Farbe<\/strong> dunkelgrau<\/p>\n<p><strong>Mikroh\u00e4rte (HV)<\/strong> bis zu 3&#8217;400<\/p>\n<p><strong>Reibungskoeffizient <\/strong>0.9 bis 1.1<strong><br \/>\n<\/strong><\/p>\n<p><strong>Schichtdicke <\/strong>1.2 bis 1.5 \u00b5m<\/p>\n<p><strong>Kantenverrundung\u00a0<\/strong>1.5 \u00b5m<\/p>\n<p><strong>Abscheidungstemperatur<\/strong> 520\u00b0<\/p>\n<p><strong>Oberfl\u00e4chenrauheit <\/strong>extrem niedrig<\/p>\n<p><strong>W\u00e4rmeleitf\u00e4higkeit <\/strong>sehr hoch<\/p>\n","protected":false},"excerpt":{"rendered":"<p>MH34 HPC Hartstoffbeschichtung Aufbau Nanokeramiksystem Farbe dunkelgrau Mikroh\u00e4rte (HV) bis zu 3&#8217;400 Reibungskoeffizient 0.9 bis 1.1 Schichtdicke 1.2 bis 1.5 \u00b5m Kantenverrundung\u00a01.5 \u00b5m Abscheidungstemperatur 520\u00b0 Oberfl\u00e4chenrauheit extrem niedrig W\u00e4rmeleitf\u00e4higkeit sehr hoch<\/p>\n","protected":false},"author":1,"featured_media":0,"parent":0,"menu_order":0,"comment_status":"closed","ping_status":"closed","template":"","meta":{"footnotes":""},"class_list":["post-418","page","type-page","status-publish","hentry"],"jetpack_sharing_enabled":true,"_links":{"self":[{"href":"https:\/\/g-hpc.ch\/wordpress\/index.php?rest_route=\/wp\/v2\/pages\/418","targetHints":{"allow":["GET"]}}],"collection":[{"href":"https:\/\/g-hpc.ch\/wordpress\/index.php?rest_route=\/wp\/v2\/pages"}],"about":[{"href":"https:\/\/g-hpc.ch\/wordpress\/index.php?rest_route=\/wp\/v2\/types\/page"}],"author":[{"embeddable":true,"href":"https:\/\/g-hpc.ch\/wordpress\/index.php?rest_route=\/wp\/v2\/users\/1"}],"replies":[{"embeddable":true,"href":"https:\/\/g-hpc.ch\/wordpress\/index.php?rest_route=%2Fwp%2Fv2%2Fcomments&post=418"}],"version-history":[{"count":9,"href":"https:\/\/g-hpc.ch\/wordpress\/index.php?rest_route=\/wp\/v2\/pages\/418\/revisions"}],"predecessor-version":[{"id":474,"href":"https:\/\/g-hpc.ch\/wordpress\/index.php?rest_route=\/wp\/v2\/pages\/418\/revisions\/474"}],"wp:attachment":[{"href":"https:\/\/g-hpc.ch\/wordpress\/index.php?rest_route=%2Fwp%2Fv2%2Fmedia&parent=418"}],"curies":[{"name":"wp","href":"https:\/\/api.w.org\/{rel}","templated":true}]}}