{"id":446,"date":"2018-01-04T15:54:07","date_gmt":"2018-01-04T15:54:07","guid":{"rendered":"http:\/\/g-hpc.ch\/wordpress\/?page_id=446"},"modified":"2023-02-02T13:05:13","modified_gmt":"2023-02-02T13:05:13","slug":"ultra-hpc-hartstoffbeschichtung-2","status":"publish","type":"page","link":"https:\/\/g-hpc.ch\/wordpress\/?page_id=446","title":{"rendered":"ULTRA HPC Hartstoffbeschichtung"},"content":{"rendered":"<div id='gallery-1' class='gallery galleryid-446 gallery-columns-2 gallery-size-medium'><figure class='gallery-item'>\n\t\t\t<div class='gallery-icon landscape'>\n\t\t\t\t<a title=\"2017-10-27 07.25.08 889-IMG_1657\" href='https:\/\/g-hpc.ch\/wordpress\/wp-content\/uploads\/2018\/01\/2017-10-27-07.25.08-889-IMG_1657-e1515081455571.jpg'><img loading=\"lazy\" decoding=\"async\" width=\"300\" height=\"225\" src=\"https:\/\/g-hpc.ch\/wordpress\/wp-content\/uploads\/2018\/01\/2017-10-27-07.25.08-889-IMG_1657-300x225.jpg\" class=\"attachment-medium size-medium\" alt=\"\" aria-describedby=\"gallery-1-450\" srcset=\"https:\/\/g-hpc.ch\/wordpress\/wp-content\/uploads\/2018\/01\/2017-10-27-07.25.08-889-IMG_1657-300x225.jpg 300w, https:\/\/g-hpc.ch\/wordpress\/wp-content\/uploads\/2018\/01\/2017-10-27-07.25.08-889-IMG_1657-e1515081455571-350x263.jpg 350w, https:\/\/g-hpc.ch\/wordpress\/wp-content\/uploads\/2018\/01\/2017-10-27-07.25.08-889-IMG_1657-768x576.jpg 768w, https:\/\/g-hpc.ch\/wordpress\/wp-content\/uploads\/2018\/01\/2017-10-27-07.25.08-889-IMG_1657-1024x768.jpg 1024w, https:\/\/g-hpc.ch\/wordpress\/wp-content\/uploads\/2018\/01\/2017-10-27-07.25.08-889-IMG_1657-e1515081455571.jpg 800w\" sizes=\"auto, 100vw\" \/><\/a>\n\t\t\t<\/div>\n\t\t\t\t<figcaption class='wp-caption-text gallery-caption' id='gallery-1-450'>\n\t\t\t\tStreifenhobelmesser HSS\n\t\t\t\t<\/figcaption><\/figure><figure class='gallery-item'>\n\t\t\t<div class='gallery-icon landscape'>\n\t\t\t\t<a title=\"Schruppfr\u00e4ser HSS mit ULTA HPC, 19.12.2022 (7)\" href='https:\/\/g-hpc.ch\/wordpress\/wp-content\/uploads\/2023\/02\/Schruppfraeser-HSS-mit-ULTA-HPC-19.12.2022-7-scaled-e1675342090438.jpg'><img loading=\"lazy\" decoding=\"async\" width=\"300\" height=\"225\" src=\"https:\/\/g-hpc.ch\/wordpress\/wp-content\/uploads\/2023\/02\/Schruppfraeser-HSS-mit-ULTA-HPC-19.12.2022-7-scaled-e1675342090438-300x225.jpg\" class=\"attachment-medium size-medium\" alt=\"\" aria-describedby=\"gallery-1-627\" srcset=\"https:\/\/g-hpc.ch\/wordpress\/wp-content\/uploads\/2023\/02\/Schruppfraeser-HSS-mit-ULTA-HPC-19.12.2022-7-scaled-e1675342090438-300x225.jpg 300w, https:\/\/g-hpc.ch\/wordpress\/wp-content\/uploads\/2023\/02\/Schruppfraeser-HSS-mit-ULTA-HPC-19.12.2022-7-scaled-e1675342090438-768x576.jpg 768w, https:\/\/g-hpc.ch\/wordpress\/wp-content\/uploads\/2023\/02\/Schruppfraeser-HSS-mit-ULTA-HPC-19.12.2022-7-scaled-e1675342090438.jpg 800w\" sizes=\"auto, 100vw\" \/><\/a>\n\t\t\t<\/div>\n\t\t\t\t<figcaption class='wp-caption-text gallery-caption' id='gallery-1-627'>\n\t\t\t\tSchruppfr\u00e4ser HSS mit ULTRA HPC\n\t\t\t\t<\/figcaption><\/figure><figure class='gallery-item'>\n\t\t\t<div class='gallery-icon portrait'>\n\t\t\t\t<a title=\"Astlochbohrer ULTRA 4\" href='https:\/\/g-hpc.ch\/wordpress\/wp-content\/uploads\/2018\/01\/Astlochbohrer-ULTRA-4-e1515082339876.jpg'><img loading=\"lazy\" decoding=\"async\" width=\"225\" height=\"300\" src=\"https:\/\/g-hpc.ch\/wordpress\/wp-content\/uploads\/2018\/01\/Astlochbohrer-ULTRA-4-e1515082339876-225x300.jpg\" class=\"attachment-medium size-medium\" alt=\"\" aria-describedby=\"gallery-1-453\" srcset=\"https:\/\/g-hpc.ch\/wordpress\/wp-content\/uploads\/2018\/01\/Astlochbohrer-ULTRA-4-e1515082339876-225x300.jpg 225w, https:\/\/g-hpc.ch\/wordpress\/wp-content\/uploads\/2018\/01\/Astlochbohrer-ULTRA-4-e1515082339876-350x467.jpg 350w, https:\/\/g-hpc.ch\/wordpress\/wp-content\/uploads\/2018\/01\/Astlochbohrer-ULTRA-4-e1515082339876.jpg 600w\" sizes=\"auto, 100vw\" \/><\/a>\n\t\t\t<\/div>\n\t\t\t\t<figcaption class='wp-caption-text gallery-caption' id='gallery-1-453'>\n\t\t\t\tAstlochbohrer HSS\n\t\t\t\t<\/figcaption><\/figure><figure class='gallery-item'>\n\t\t\t<div class='gallery-icon portrait'>\n\t\t\t\t<a title=\"Schlicht-Schrupp ULTRA 4\" href='https:\/\/g-hpc.ch\/wordpress\/wp-content\/uploads\/2018\/01\/Schlicht-Schrupp-ULTRA-4-e1515082075570.jpg'><img loading=\"lazy\" decoding=\"async\" width=\"225\" height=\"300\" src=\"https:\/\/g-hpc.ch\/wordpress\/wp-content\/uploads\/2018\/01\/Schlicht-Schrupp-ULTRA-4-e1515082075570-225x300.jpg\" class=\"attachment-medium size-medium\" alt=\"\" aria-describedby=\"gallery-1-452\" srcset=\"https:\/\/g-hpc.ch\/wordpress\/wp-content\/uploads\/2018\/01\/Schlicht-Schrupp-ULTRA-4-e1515082075570-225x300.jpg 225w, https:\/\/g-hpc.ch\/wordpress\/wp-content\/uploads\/2018\/01\/Schlicht-Schrupp-ULTRA-4-e1515082075570-350x466.jpg 350w, https:\/\/g-hpc.ch\/wordpress\/wp-content\/uploads\/2018\/01\/Schlicht-Schrupp-ULTRA-4-e1515082075570.jpg 600w\" sizes=\"auto, 100vw\" \/><\/a>\n\t\t\t<\/div>\n\t\t\t\t<figcaption class='wp-caption-text gallery-caption' id='gallery-1-452'>\n\t\t\t\tSchrupp- Schlichtfr\u00e4ser VHM\n\t\t\t\t<\/figcaption><\/figure><figure class='gallery-item'>\n\t\t\t<div class='gallery-icon landscape'>\n\t\t\t\t<a title=\"Hobelkopf Alu mit Eindrehungen, Sidler, 20.11.2020 (13)\" href='https:\/\/g-hpc.ch\/wordpress\/wp-content\/uploads\/2023\/02\/Hobelkopf-Alu-mit-Eindrehungen-Sidler-20.11.2020-13-scaled-e1675343086931.jpg'><img loading=\"lazy\" decoding=\"async\" width=\"300\" height=\"182\" src=\"https:\/\/g-hpc.ch\/wordpress\/wp-content\/uploads\/2023\/02\/Hobelkopf-Alu-mit-Eindrehungen-Sidler-20.11.2020-13-scaled-e1675343086931-300x182.jpg\" class=\"attachment-medium size-medium\" alt=\"\" srcset=\"https:\/\/g-hpc.ch\/wordpress\/wp-content\/uploads\/2023\/02\/Hobelkopf-Alu-mit-Eindrehungen-Sidler-20.11.2020-13-scaled-e1675343086931-300x182.jpg 300w, https:\/\/g-hpc.ch\/wordpress\/wp-content\/uploads\/2023\/02\/Hobelkopf-Alu-mit-Eindrehungen-Sidler-20.11.2020-13-scaled-e1675343086931-768x467.jpg 768w, https:\/\/g-hpc.ch\/wordpress\/wp-content\/uploads\/2023\/02\/Hobelkopf-Alu-mit-Eindrehungen-Sidler-20.11.2020-13-scaled-e1675343086931.jpg 800w\" sizes=\"auto, 100vw\" \/><\/a>\n\t\t\t<\/div><\/figure>\n\t\t<\/div>\n\n<p><strong>ULTRA HPC Hartstoffbeschichtung<\/strong><\/p>\n<p><strong>Aufbau<\/strong> Nanokeramiksystem<\/p>\n<p><strong>Farbe<\/strong> mausgrau oder gold-braun<\/p>\n<p><strong>Mikroh\u00e4rte (HV)<\/strong> bis 2&#8217;800<\/p>\n<p><strong>Reibungskoeffizient <\/strong>0.9 bis 1.1<\/p>\n<p><strong>Schichtdicke <\/strong>0.9 bis 1.2 \u00b5m<\/p>\n<p><strong>Kantenverrundung\u00a0<\/strong>1.5 \u00b5m<\/p>\n<p><strong>Abscheidungstemperatur<\/strong> 520\u00b0<\/p>\n<p><strong>Oberfl\u00e4chenrauheit <\/strong>extrem niedrig<\/p>\n<p><strong>W\u00e4rmeleitf\u00e4higkeit <\/strong>sehr hoch<\/p>\n<p><strong>\u00a0<\/strong><\/p>\n","protected":false},"excerpt":{"rendered":"<p>ULTRA HPC Hartstoffbeschichtung Aufbau Nanokeramiksystem Farbe mausgrau oder gold-braun Mikroh\u00e4rte (HV) bis 2&#8217;800 Reibungskoeffizient 0.9 bis 1.1 Schichtdicke 0.9 bis 1.2 \u00b5m Kantenverrundung\u00a01.5 \u00b5m Abscheidungstemperatur 520\u00b0 Oberfl\u00e4chenrauheit extrem niedrig W\u00e4rmeleitf\u00e4higkeit sehr hoch \u00a0<\/p>\n","protected":false},"author":1,"featured_media":0,"parent":0,"menu_order":0,"comment_status":"closed","ping_status":"closed","template":"","meta":{"footnotes":""},"class_list":["post-446","page","type-page","status-publish","hentry"],"jetpack_sharing_enabled":true,"_links":{"self":[{"href":"https:\/\/g-hpc.ch\/wordpress\/index.php?rest_route=\/wp\/v2\/pages\/446","targetHints":{"allow":["GET"]}}],"collection":[{"href":"https:\/\/g-hpc.ch\/wordpress\/index.php?rest_route=\/wp\/v2\/pages"}],"about":[{"href":"https:\/\/g-hpc.ch\/wordpress\/index.php?rest_route=\/wp\/v2\/types\/page"}],"author":[{"embeddable":true,"href":"https:\/\/g-hpc.ch\/wordpress\/index.php?rest_route=\/wp\/v2\/users\/1"}],"replies":[{"embeddable":true,"href":"https:\/\/g-hpc.ch\/wordpress\/index.php?rest_route=%2Fwp%2Fv2%2Fcomments&post=446"}],"version-history":[{"count":9,"href":"https:\/\/g-hpc.ch\/wordpress\/index.php?rest_route=\/wp\/v2\/pages\/446\/revisions"}],"predecessor-version":[{"id":636,"href":"https:\/\/g-hpc.ch\/wordpress\/index.php?rest_route=\/wp\/v2\/pages\/446\/revisions\/636"}],"wp:attachment":[{"href":"https:\/\/g-hpc.ch\/wordpress\/index.php?rest_route=%2Fwp%2Fv2%2Fmedia&parent=446"}],"curies":[{"name":"wp","href":"https:\/\/api.w.org\/{rel}","templated":true}]}}